{"id":600,"date":"2020-09-09T09:56:54","date_gmt":"2020-09-09T09:56:54","guid":{"rendered":"https:\/\/dragones.ar\/?page_id=600"},"modified":"2023-03-31T16:22:05","modified_gmt":"2023-03-31T19:22:05","slug":"services","status":"publish","type":"page","link":"https:\/\/dragones.ar\/?page_id=600","title":{"rendered":"Servicios"},"content":{"rendered":"\n<div class=\"wp-block-uagb-container uagb-block-d4b42b64 alignfull uagb-is-root-container\"><div class=\"uagb-container-inner-blocks-wrap\">\n<ul class=\"wp-block-social-links has-large-icon-size has-icon-color is-style-logos-only is-content-justification-right is-layout-flex wp-container-core-social-links-is-layout-ca459a93 wp-block-social-links-is-layout-flex\"><li style=\"color:#ffffff;\" class=\"wp-social-link wp-social-link-whatsapp has-white-color wp-block-social-link\"><a rel=\"noopener nofollow\" target=\"_blank\" href=\"https:\/\/api.whatsapp.com\/send?phone=5491125064002&#038;text&#038;type=phone_number&#038;app_absent=0\" class=\"wp-block-social-link-anchor\"><svg width=\"24\" height=\"24\" viewBox=\"0 0 24 24\" version=\"1.1\" xmlns=\"http:\/\/www.w3.org\/2000\/svg\" aria-hidden=\"true\" focusable=\"false\"><path d=\"M 12.011719 2 C 6.5057187 2 2.0234844 6.478375 2.0214844 11.984375 C 2.0204844 13.744375 2.4814687 15.462563 3.3554688 16.976562 L 2 22 L 7.2324219 20.763672 C 8.6914219 21.559672 10.333859 21.977516 12.005859 21.978516 L 12.009766 21.978516 C 17.514766 21.978516 21.995047 17.499141 21.998047 11.994141 C 22.000047 9.3251406 20.962172 6.8157344 19.076172 4.9277344 C 17.190172 3.0407344 14.683719 2.001 12.011719 2 z M 12.009766 4 C 14.145766 4.001 16.153109 4.8337969 17.662109 6.3417969 C 19.171109 7.8517969 20.000047 9.8581875 19.998047 11.992188 C 19.996047 16.396187 16.413812 19.978516 12.007812 19.978516 C 10.674812 19.977516 9.3544062 19.642812 8.1914062 19.007812 L 7.5175781 18.640625 L 6.7734375 18.816406 L 4.8046875 19.28125 L 5.2851562 17.496094 L 5.5019531 16.695312 L 5.0878906 15.976562 C 4.3898906 14.768562 4.0204844 13.387375 4.0214844 11.984375 C 4.0234844 7.582375 7.6067656 4 12.009766 4 z M 8.4765625 7.375 C 8.3095625 7.375 8.0395469 7.4375 7.8105469 7.6875 C 7.5815469 7.9365 6.9355469 8.5395781 6.9355469 9.7675781 C 6.9355469 10.995578 7.8300781 12.182609 7.9550781 12.349609 C 8.0790781 12.515609 9.68175 15.115234 12.21875 16.115234 C 14.32675 16.946234 14.754891 16.782234 15.212891 16.740234 C 15.670891 16.699234 16.690438 16.137687 16.898438 15.554688 C 17.106437 14.971687 17.106922 14.470187 17.044922 14.367188 C 16.982922 14.263188 16.816406 14.201172 16.566406 14.076172 C 16.317406 13.951172 15.090328 13.348625 14.861328 13.265625 C 14.632328 13.182625 14.464828 13.140625 14.298828 13.390625 C 14.132828 13.640625 13.655766 14.201187 13.509766 14.367188 C 13.363766 14.534188 13.21875 14.556641 12.96875 14.431641 C 12.71875 14.305641 11.914938 14.041406 10.960938 13.191406 C 10.218937 12.530406 9.7182656 11.714844 9.5722656 11.464844 C 9.4272656 11.215844 9.5585938 11.079078 9.6835938 10.955078 C 9.7955938 10.843078 9.9316406 10.663578 10.056641 10.517578 C 10.180641 10.371578 10.223641 10.267562 10.306641 10.101562 C 10.389641 9.9355625 10.347156 9.7890625 10.285156 9.6640625 C 10.223156 9.5390625 9.737625 8.3065 9.515625 7.8125 C 9.328625 7.3975 9.131125 7.3878594 8.953125 7.3808594 C 8.808125 7.3748594 8.6425625 7.375 8.4765625 7.375 z\"><\/path><\/svg><span class=\"wp-block-social-link-label screen-reader-text\">enlace a WhatsApp<\/span><\/a><\/li>\n\n<li style=\"color:#ffffff;\" class=\"wp-social-link wp-social-link-instagram has-white-color wp-block-social-link\"><a rel=\"noopener nofollow\" target=\"_blank\" href=\"https:\/\/www.instagram.com\/estudiodragones\/?hl=es-la\" class=\"wp-block-social-link-anchor\"><svg width=\"24\" height=\"24\" viewBox=\"0 0 24 24\" version=\"1.1\" xmlns=\"http:\/\/www.w3.org\/2000\/svg\" aria-hidden=\"true\" focusable=\"false\"><path d=\"M12,4.622c2.403,0,2.688,0.009,3.637,0.052c0.877,0.04,1.354,0.187,1.671,0.31c0.42,0.163,0.72,0.358,1.035,0.673 c0.315,0.315,0.51,0.615,0.673,1.035c0.123,0.317,0.27,0.794,0.31,1.671c0.043,0.949,0.052,1.234,0.052,3.637 s-0.009,2.688-0.052,3.637c-0.04,0.877-0.187,1.354-0.31,1.671c-0.163,0.42-0.358,0.72-0.673,1.035 c-0.315,0.315-0.615,0.51-1.035,0.673c-0.317,0.123-0.794,0.27-1.671,0.31c-0.949,0.043-1.233,0.052-3.637,0.052 s-2.688-0.009-3.637-0.052c-0.877-0.04-1.354-0.187-1.671-0.31c-0.42-0.163-0.72-0.358-1.035-0.673 c-0.315-0.315-0.51-0.615-0.673-1.035c-0.123-0.317-0.27-0.794-0.31-1.671C4.631,14.688,4.622,14.403,4.622,12 s0.009-2.688,0.052-3.637c0.04-0.877,0.187-1.354,0.31-1.671c0.163-0.42,0.358-0.72,0.673-1.035 c0.315-0.315,0.615-0.51,1.035-0.673c0.317-0.123,0.794-0.27,1.671-0.31C9.312,4.631,9.597,4.622,12,4.622 M12,3 C9.556,3,9.249,3.01,8.289,3.054C7.331,3.098,6.677,3.25,6.105,3.472C5.513,3.702,5.011,4.01,4.511,4.511 c-0.5,0.5-0.808,1.002-1.038,1.594C3.25,6.677,3.098,7.331,3.054,8.289C3.01,9.249,3,9.556,3,12c0,2.444,0.01,2.751,0.054,3.711 c0.044,0.958,0.196,1.612,0.418,2.185c0.23,0.592,0.538,1.094,1.038,1.594c0.5,0.5,1.002,0.808,1.594,1.038 c0.572,0.222,1.227,0.375,2.185,0.418C9.249,20.99,9.556,21,12,21s2.751-0.01,3.711-0.054c0.958-0.044,1.612-0.196,2.185-0.418 c0.592-0.23,1.094-0.538,1.594-1.038c0.5-0.5,0.808-1.002,1.038-1.594c0.222-0.572,0.375-1.227,0.418-2.185 C20.99,14.751,21,14.444,21,12s-0.01-2.751-0.054-3.711c-0.044-0.958-0.196-1.612-0.418-2.185c-0.23-0.592-0.538-1.094-1.038-1.594 c-0.5-0.5-1.002-0.808-1.594-1.038c-0.572-0.222-1.227-0.375-2.185-0.418C14.751,3.01,14.444,3,12,3L12,3z M12,7.378 c-2.552,0-4.622,2.069-4.622,4.622S9.448,16.622,12,16.622s4.622-2.069,4.622-4.622S14.552,7.378,12,7.378z M12,15 c-1.657,0-3-1.343-3-3s1.343-3,3-3s3,1.343,3,3S13.657,15,12,15z M16.804,6.116c-0.596,0-1.08,0.484-1.08,1.08 s0.484,1.08,1.08,1.08c0.596,0,1.08-0.484,1.08-1.08S17.401,6.116,16.804,6.116z\"><\/path><\/svg><span class=\"wp-block-social-link-label screen-reader-text\">Enlace a instagram<\/span><\/a><\/li><\/ul>\n\n\n\n<div class=\"wp-block-uagb-container uagb-block-56e5f319\">\n<div class=\"wp-block-uagb-advanced-heading uagb-block-10a0cf4e\"><h1 class=\"uagb-heading-text\">Servicios<\/h1><\/div>\n\n\n\n<p class=\"has-ast-global-color-5-color has-text-color has-large-font-size\">Acompa\u00f1amos a nuestros clientes en las distintas etapas de su obra o renovaci\u00f3n, enfoc\u00e1ndonos en cerramientos y coberturas de vidrio, utilizando productos sustentables que re\u00fanen confort, calidad, resistencia y seguridad<\/p>\n<\/div>\n<\/div><\/div>\n\n\n\n<div class=\"wp-block-uagb-container uagb-block-83c28440 alignfull uagb-is-root-container\"><div class=\"uagb-container-inner-blocks-wrap\"><\/div><\/div>\n\n\n\n<div class=\"wp-block-uagb-container uagb-block-9385264a alignfull uagb-is-root-container\"><div class=\"uagb-container-inner-blocks-wrap\">\n<div class=\"wp-block-uagb-container uagb-block-d2e14cc5\">\n<div class=\"wp-block-uagb-image uagb-block-d697ca02 wp-block-uagb-image--layout-default wp-block-uagb-image--effect-static wp-block-uagb-image--align-none\"><figure class=\"wp-block-uagb-image__figure\"><img decoding=\"async\" srcset=\"https:\/\/dragones.ar\/wp-content\/uploads\/2023\/03\/arquitectos-disenadores-que-trabajan-oficina-1024x671.jpg \" src=\"https:\/\/dragones.ar\/wp-content\/uploads\/2023\/03\/arquitectos-disenadores-que-trabajan-oficina-1024x671.jpg\" alt=\"\" class=\"uag-image-789\" width=\"\" height=\"\" title=\"\" loading=\"lazy\"\/><\/figure><\/div>\n<\/div>\n\n\n\n<div class=\"wp-block-uagb-container uagb-block-8f81345d\">\n<div class=\"wp-block-uagb-advanced-heading uagb-block-9797b2f8\"><h3 class=\"uagb-heading-text\">Dise\u00f1o\u200b<\/h3><p class=\"uagb-desc-text\">Antes de iniciar con su proyecto, sea obra nueva o de renovaci\u00f3n, escuchamos y analizamos sus necesidades para ofrecerle el producto m\u00e1s adecuado acorde a los productos presentes en el mercado. Muchas veces, peque\u00f1as consideraciones en el tama\u00f1o de una abertura redundan en un importante beneficio econ\u00f3mico, de seguridad o est\u00e9tico entre otros.<\/p><\/div>\n<\/div>\n<\/div><\/div>\n\n\n\n<div class=\"wp-block-uagb-container uagb-block-9a23465c alignfull uagb-is-root-container\"><div class=\"uagb-container-inner-blocks-wrap\">\n<div class=\"wp-block-uagb-container uagb-block-dd6c89ed\">\n<figure class=\"wp-block-image size-large\"><img loading=\"lazy\" decoding=\"async\" width=\"1024\" height=\"683\" src=\"https:\/\/dragones.ar\/wp-content\/uploads\/2023\/03\/apreton-manos-ingenieros-angulo-1024x683.jpg\" alt=\"\" class=\"wp-image-790\" srcset=\"https:\/\/dragones.ar\/wp-content\/uploads\/2023\/03\/apreton-manos-ingenieros-angulo-1024x683.jpg 1024w, https:\/\/dragones.ar\/wp-content\/uploads\/2023\/03\/apreton-manos-ingenieros-angulo-300x200.jpg 300w, https:\/\/dragones.ar\/wp-content\/uploads\/2023\/03\/apreton-manos-ingenieros-angulo-768x513.jpg 768w\" sizes=\"auto, (max-width: 1024px) 100vw, 1024px\" \/><\/figure>\n<\/div>\n\n\n\n<div class=\"wp-block-uagb-container uagb-block-89526412\">\n<div class=\"wp-block-uagb-advanced-heading uagb-block-1b930764\"><h3 class=\"uagb-heading-text\">Acompa\u00f1amiento\u200b<\/h3><p class=\"uagb-desc-text\">Lo acompa\u00f1amos en todo el proceso de contrataci\u00f3n e implementaci\u00f3n, manteniendo una comunicaci\u00f3n fluida de manera que sus aberturas est\u00e9n en el momento justo para la instalaci\u00f3n, supervisando las condiciones de la obra para garantizar la \u00f3ptima colocaci\u00f3n de las mismas.<\/p><\/div>\n<\/div>\n<\/div><\/div>\n\n\n\n<div class=\"wp-block-uagb-container uagb-block-d4eb5e0a alignfull uagb-is-root-container\"><div class=\"uagb-container-inner-blocks-wrap\">\n<div class=\"wp-block-uagb-container uagb-block-7737ce7e\">\n<figure class=\"wp-block-image size-large\"><img loading=\"lazy\" decoding=\"async\" width=\"1024\" height=\"683\" src=\"https:\/\/dragones.ar\/wp-content\/uploads\/2023\/03\/hombres-vista-posterior-mirando-diseno-edificio-1024x683.jpg\" alt=\"\" class=\"wp-image-791\" srcset=\"https:\/\/dragones.ar\/wp-content\/uploads\/2023\/03\/hombres-vista-posterior-mirando-diseno-edificio-1024x683.jpg 1024w, https:\/\/dragones.ar\/wp-content\/uploads\/2023\/03\/hombres-vista-posterior-mirando-diseno-edificio-300x200.jpg 300w, https:\/\/dragones.ar\/wp-content\/uploads\/2023\/03\/hombres-vista-posterior-mirando-diseno-edificio-768x513.jpg 768w\" sizes=\"auto, (max-width: 1024px) 100vw, 1024px\" \/><\/figure>\n<\/div>\n\n\n\n<div class=\"wp-block-uagb-container uagb-block-c4f880b3\">\n<div class=\"wp-block-uagb-advanced-heading uagb-block-b6676ff3\"><h3 class=\"uagb-heading-text\">Asesoramiento<\/h3><p class=\"uagb-desc-text\">Luego de una revisi\u00f3n completa de sus requerimientos, realizaremos en forma conjunta la selecci\u00f3n de tipolog\u00edas para asegurar que todos los productos satisfagan sus necesidades, sin dejar de lado cuestiones arquitect\u00f3nicas ni presupuestarias.<\/p><\/div>\n<\/div>\n<\/div><\/div>\n\n\n\n<div class=\"wp-block-uagb-container uagb-block-32dc2a54 alignfull uagb-is-root-container\"><div class=\"uagb-container-inner-blocks-wrap\">\n<div class=\"wp-block-uagb-container uagb-block-d12f04c2\">\n<figure class=\"wp-block-image size-large\"><img loading=\"lazy\" decoding=\"async\" width=\"1024\" height=\"683\" src=\"https:\/\/dragones.ar\/wp-content\/uploads\/2023\/03\/plano-medio-hombre-mirando-cinta-metrica-1024x683.jpg\" alt=\"\" class=\"wp-image-792\" srcset=\"https:\/\/dragones.ar\/wp-content\/uploads\/2023\/03\/plano-medio-hombre-mirando-cinta-metrica-1024x683.jpg 1024w, https:\/\/dragones.ar\/wp-content\/uploads\/2023\/03\/plano-medio-hombre-mirando-cinta-metrica-300x200.jpg 300w, https:\/\/dragones.ar\/wp-content\/uploads\/2023\/03\/plano-medio-hombre-mirando-cinta-metrica-768x512.jpg 768w\" sizes=\"auto, (max-width: 1024px) 100vw, 1024px\" \/><\/figure>\n<\/div>\n\n\n\n<div class=\"wp-block-uagb-container uagb-block-71b76a1c\">\n<div class=\"wp-block-uagb-advanced-heading uagb-block-209cf252\"><h3 class=\"uagb-heading-text\">Mediciones<\/h3><p class=\"uagb-desc-text\">Una vez que los vanos se encuentran listos, visitamos la obra de manera de validar o actualizar las medidas de las aberturas, de manera de asegurar la instalaci\u00f3n de sus aberturas.<\/p><\/div>\n<\/div>\n<\/div><\/div>\n\n\n\n<div class=\"wp-block-uagb-container uagb-block-76965473 alignfull uagb-is-root-container\"><div class=\"uagb-container-inner-blocks-wrap\">\n<div class=\"wp-block-uagb-container uagb-block-227f60dd\">\n<div class=\"wp-block-uagb-image uagb-block-f362e838 wp-block-uagb-image--layout-default wp-block-uagb-image--effect-static wp-block-uagb-image--align-none\"><figure class=\"wp-block-uagb-image__figure\"><img decoding=\"async\" srcset=\"https:\/\/dragones.ar\/wp-content\/uploads\/2023\/03\/trabajador-sexo-masculino-fabrica-1024x683.jpg \" src=\"https:\/\/dragones.ar\/wp-content\/uploads\/2023\/03\/trabajador-sexo-masculino-fabrica-1024x683.jpg\" alt=\"\" class=\"uag-image-797\" width=\"\" height=\"\" title=\"\" loading=\"lazy\"\/><\/figure><\/div>\n<\/div>\n\n\n\n<div class=\"wp-block-uagb-container uagb-block-f06a5a34\">\n<div class=\"wp-block-uagb-advanced-heading uagb-block-02d5e693\"><h3 class=\"uagb-heading-text\">Flete\u200b<\/h3><p class=\"uagb-desc-text\">Enviamos desde la f\u00e1brica a la obra los productos coordinando con los trabajos de obra de manera de minimizar o eliminar los tiempos de acopio en obra.<\/p><\/div>\n<\/div>\n<\/div><\/div>\n\n\n\n<div class=\"wp-block-uagb-container uagb-block-0e7e22ab alignfull uagb-is-root-container\"><div class=\"uagb-container-inner-blocks-wrap\">\n<div class=\"wp-block-uagb-container uagb-block-a3319753\">\n<div class=\"wp-block-uagb-image uagb-block-27060ac5 wp-block-uagb-image--layout-default wp-block-uagb-image--effect-static wp-block-uagb-image--align-none\"><figure class=\"wp-block-uagb-image__figure\"><img decoding=\"async\" srcset=\"https:\/\/dragones.ar\/wp-content\/uploads\/2023\/03\/taladro-explotacion-hombre-tiro-medio-1024x819.jpg \" src=\"https:\/\/dragones.ar\/wp-content\/uploads\/2023\/03\/taladro-explotacion-hombre-tiro-medio-1024x819.jpg\" alt=\"\" class=\"uag-image-786\" width=\"\" height=\"\" title=\"\" loading=\"lazy\"\/><\/figure><\/div>\n<\/div>\n\n\n\n<div class=\"wp-block-uagb-container uagb-block-8daa00e4\">\n<div class=\"wp-block-uagb-advanced-heading uagb-block-58ce5d7d\"><h3 class=\"uagb-heading-text\">Instalacion\u200b<\/h3><p class=\"uagb-desc-text\"><strong>Estudio Dragones<\/strong>, ofrece un servicio completo de instalaci\u00f3n, que incluye una inspecci\u00f3n de obra para asegurar la correcta instalaci\u00f3n de las aberturas. Una vez que las aberturas est\u00e1n listas, la inspecci\u00f3n realizada y la fecha de montaje acordada, inicia el proceso de instalaci\u00f3n de sus puertas y ventanas.<br>La instalaci\u00f3n es realizada por profesionales de la industria bajo la supervisi\u00f3n de&nbsp;<strong>Estudio Dragones<\/strong>, siempre en un ambiente limpio y seguro minimizando cualquier inconveniente o da\u00f1o para usted, su familia y\/o su obra y maximizando el resultado final<\/p><\/div>\n<\/div>\n<\/div><\/div>\n\n\n\n<div class=\"wp-block-uagb-container uagb-block-a68995eb alignfull uagb-is-root-container\"><div class=\"uagb-container-inner-blocks-wrap\">\n<div class=\"wp-block-uagb-container uagb-block-eb375ba6\">\n<figure class=\"wp-block-image size-full\"><img decoding=\"async\" src=\"https:\/\/dragones.ar\/wp-content\/uploads\/2023\/03\/siervo-lavando-ventanas.jpg\" alt=\"\" class=\"wp-image-793\"\/><\/figure>\n<\/div>\n\n\n\n<div class=\"wp-block-uagb-container uagb-block-862b8672\">\n<div class=\"wp-block-uagb-advanced-heading uagb-block-e691caad\"><h3 class=\"uagb-heading-text\">Pos venta<\/h3><p class=\"uagb-desc-text\">El compromiso de&nbsp;<strong>Estudio Dragones<\/strong>&nbsp;con sus clientes no finaliza con la instalaci\u00f3n. Pocos d\u00edas despu\u00e9s de la colocaci\u00f3n de las aberturas, se realiza una visita para asegurar que el producto funciona de manera correcta y responder a cualquier duda que se pueda tener respecto al funcionamiento de las aberturas.<br><strong>Su satisfacci\u00f3n es muy importante para nosotros.<\/strong><br>Todos los productos y servicios cuentan con su correspondiente garant\u00eda.<\/p><\/div>\n<\/div>\n<\/div><\/div>\n","protected":false},"excerpt":{"rendered":"","protected":false},"author":3,"featured_media":0,"parent":0,"menu_order":0,"comment_status":"closed","ping_status":"closed","template":"","meta":{"_uag_custom_page_level_css":"","site-sidebar-layout":"no-sidebar","site-content-layout":"plain-container","ast-global-header-display":"","ast-main-header-display":"","ast-hfb-above-header-display":"","ast-hfb-below-header-display":"","ast-hfb-mobile-header-display":"","site-post-title":"disabled","ast-breadcrumbs-content":"","ast-featured-img":"","footer-sml-layout":"","theme-transparent-header-meta":"enabled","adv-header-id-meta":"","stick-header-meta":"","header-above-stick-meta":"","header-main-stick-meta":"","header-below-stick-meta":"","footnotes":""},"class_list":["post-600","page","type-page","status-publish","hentry"],"uagb_featured_image_src":{"full":false,"thumbnail":false,"medium":false,"medium_large":false,"large":false,"1536x1536":false,"2048x2048":false},"uagb_author_info":{"display_name":"Gabriel Mandrut","author_link":"https:\/\/dragones.ar\/?author=3"},"uagb_comment_info":0,"uagb_excerpt":null,"_links":{"self":[{"href":"https:\/\/dragones.ar\/index.php?rest_route=\/wp\/v2\/pages\/600","targetHints":{"allow":["GET"]}}],"collection":[{"href":"https:\/\/dragones.ar\/index.php?rest_route=\/wp\/v2\/pages"}],"about":[{"href":"https:\/\/dragones.ar\/index.php?rest_route=\/wp\/v2\/types\/page"}],"author":[{"embeddable":true,"href":"https:\/\/dragones.ar\/index.php?rest_route=\/wp\/v2\/users\/3"}],"replies":[{"embeddable":true,"href":"https:\/\/dragones.ar\/index.php?rest_route=%2Fwp%2Fv2%2Fcomments&post=600"}],"version-history":[{"count":11,"href":"https:\/\/dragones.ar\/index.php?rest_route=\/wp\/v2\/pages\/600\/revisions"}],"predecessor-version":[{"id":864,"href":"https:\/\/dragones.ar\/index.php?rest_route=\/wp\/v2\/pages\/600\/revisions\/864"}],"wp:attachment":[{"href":"https:\/\/dragones.ar\/index.php?rest_route=%2Fwp%2Fv2%2Fmedia&parent=600"}],"curies":[{"name":"wp","href":"https:\/\/api.w.org\/{rel}","templated":true}]}}